{"id":124361,"date":"2026-02-10T18:49:45","date_gmt":"2026-02-10T17:49:45","guid":{"rendered":"https:\/\/kangra.it\/?post_type=product&#038;p=124361"},"modified":"2026-05-17T08:21:07","modified_gmt":"2026-05-17T06:21:07","slug":"maglia-girocollo-manica-corta-con-coste-piattte-sul-davanti","status":"publish","type":"product","link":"https:\/\/kangra.it\/en\/product\/maglia-girocollo-manica-corta-con-coste-piattte-sul-davanti\/","title":{"rendered":"Maglia girocollo manica corta coste piatte in  cotone"},"content":{"rendered":"","protected":false},"excerpt":{"rendered":"<p>Girocollo a manica corta in  cotone, realizzato su finezza 14 per una struttura pi\u00f9 compatta e consistente. Il davanti \u00e8 valorizzato da una fantasia di coste piatte che crea un effetto grafico ordinato e contemporaneo, donando profondit\u00e0 senza appesantire la linea.<br \/>\nLa mano rimane fresca e confortevole, mentre la costruzione definita garantisce una vestibilit\u00e0 stabile nel tempo. Un capo essenziale ma strutturato, pensato per chi ricerca semplicit\u00e0 con una lavorazione distintiva.<\/p>\n","protected":false},"featured_media":129261,"template":"","meta":{"_acf_changed":false},"pickuplocations":[],"product_brand":[],"product_cat":[992,990,989],"product_tag":[4872,1082],"class_list":{"0":"post-124361","1":"product","2":"type-product","3":"status-publish","4":"has-post-thumbnail","6":"product_cat-girocollo","7":"product_cat-pullover","8":"product_cat-uomo","9":"product_tag-giglio","10":"product_tag-uomo","12":"first","13":"instock","14":"taxable","15":"shipping-taxable","16":"purchasable","17":"product-type-variable","18":"wvs-archive-product-wrapper"},"acf":[],"yoast_head":"<!-- This site is optimized with the Yoast SEO plugin v27.6 - https:\/\/yoast.com\/product\/yoast-seo-wordpress\/ -->\n<title>Maglia girocollo manica corta coste piatte in cotone - Kangra - Premium Yarns Knitwear<\/title>\n<meta name=\"description\" content=\"Scopri Maglia girocollo manica corta coste piatte in cotone di Kangra - Premium Yarns Knitwear, maglieria in cashmere e filati pregiati Made in Italy.\" \/>\n<meta name=\"robots\" content=\"index, follow, max-snippet:-1, max-image-preview:large, max-video-preview:-1\" \/>\n<link rel=\"canonical\" href=\"https:\/\/kangra.it\/en\/product\/maglia-girocollo-manica-corta-con-coste-piattte-sul-davanti\/\" \/>\n<meta property=\"og:locale\" content=\"en_US\" \/>\n<meta property=\"og:type\" content=\"article\" \/>\n<meta property=\"og:title\" content=\"Maglia girocollo manica corta coste piatte in cotone - Kangra - Premium Yarns Knitwear\" \/>\n<meta property=\"og:description\" content=\"Scopri Maglia girocollo manica corta coste piatte in cotone di Kangra - Premium Yarns Knitwear, maglieria in cashmere e filati pregiati Made in Italy.\" \/>\n<meta property=\"og:url\" content=\"https:\/\/kangra.it\/en\/product\/maglia-girocollo-manica-corta-con-coste-piattte-sul-davanti\/\" \/>\n<meta property=\"og:site_name\" content=\"Kangra - Premium Yarns Knitwear\" \/>\n<meta property=\"article:publisher\" content=\"https:\/\/www.facebook.com\/KangraCashmere\/\" \/>\n<meta property=\"article:modified_time\" content=\"2026-05-17T06:21:07+00:00\" \/>\n<meta property=\"og:image\" content=\"https:\/\/kangra.it\/wp-content\/uploads\/2026\/02\/S6K301621.webp\" \/>\n\t<meta property=\"og:image:width\" content=\"1600\" \/>\n\t<meta property=\"og:image:height\" content=\"2399\" \/>\n\t<meta property=\"og:image:type\" content=\"image\/webp\" \/>\n<meta name=\"twitter:card\" content=\"summary_large_image\" \/>\n<meta name=\"twitter:label1\" content=\"Est. reading time\" \/>\n\t<meta name=\"twitter:data1\" content=\"1 minute\" \/>\n<script type=\"application\/ld+json\" class=\"yoast-schema-graph\">{\"@context\":\"https:\\\/\\\/schema.org\",\"@graph\":[{\"@type\":\"WebPage\",\"@id\":\"https:\\\/\\\/kangra.it\\\/en\\\/product\\\/maglia-girocollo-manica-corta-con-coste-piattte-sul-davanti\\\/\",\"url\":\"https:\\\/\\\/kangra.it\\\/en\\\/product\\\/maglia-girocollo-manica-corta-con-coste-piattte-sul-davanti\\\/\",\"name\":\"Maglia girocollo manica corta coste piatte in cotone - Kangra - Premium Yarns Knitwear\",\"isPartOf\":{\"@id\":\"https:\\\/\\\/kangra.it\\\/en\\\/#website\"},\"primaryImageOfPage\":{\"@id\":\"https:\\\/\\\/kangra.it\\\/en\\\/product\\\/maglia-girocollo-manica-corta-con-coste-piattte-sul-davanti\\\/#primaryimage\"},\"image\":{\"@id\":\"https:\\\/\\\/kangra.it\\\/en\\\/product\\\/maglia-girocollo-manica-corta-con-coste-piattte-sul-davanti\\\/#primaryimage\"},\"thumbnailUrl\":\"https:\\\/\\\/kangra.it\\\/wp-content\\\/uploads\\\/2026\\\/02\\\/S6K301621.webp\",\"datePublished\":\"2026-02-10T17:49:45+00:00\",\"dateModified\":\"2026-05-17T06:21:07+00:00\",\"description\":\"Scopri Maglia girocollo manica corta coste piatte in cotone di Kangra - Premium Yarns Knitwear, maglieria in cashmere e filati pregiati Made in Italy.\",\"breadcrumb\":{\"@id\":\"https:\\\/\\\/kangra.it\\\/en\\\/product\\\/maglia-girocollo-manica-corta-con-coste-piattte-sul-davanti\\\/#breadcrumb\"},\"inLanguage\":\"en-US\",\"potentialAction\":[{\"@type\":\"ReadAction\",\"target\":[\"https:\\\/\\\/kangra.it\\\/en\\\/product\\\/maglia-girocollo-manica-corta-con-coste-piattte-sul-davanti\\\/\"]}]},{\"@type\":\"ImageObject\",\"inLanguage\":\"en-US\",\"@id\":\"https:\\\/\\\/kangra.it\\\/en\\\/product\\\/maglia-girocollo-manica-corta-con-coste-piattte-sul-davanti\\\/#primaryimage\",\"url\":\"https:\\\/\\\/kangra.it\\\/wp-content\\\/uploads\\\/2026\\\/02\\\/S6K301621.webp\",\"contentUrl\":\"https:\\\/\\\/kangra.it\\\/wp-content\\\/uploads\\\/2026\\\/02\\\/S6K301621.webp\",\"width\":1600,\"height\":2399},{\"@type\":\"BreadcrumbList\",\"@id\":\"https:\\\/\\\/kangra.it\\\/en\\\/product\\\/maglia-girocollo-manica-corta-con-coste-piattte-sul-davanti\\\/#breadcrumb\",\"itemListElement\":[{\"@type\":\"ListItem\",\"position\":1,\"name\":\"Home\",\"item\":\"https:\\\/\\\/kangra.it\\\/en\\\/\"},{\"@type\":\"ListItem\",\"position\":2,\"name\":\"Shop\",\"item\":\"https:\\\/\\\/kangra.it\\\/en\\\/shop\\\/\"},{\"@type\":\"ListItem\",\"position\":3,\"name\":\"Maglia girocollo manica corta coste piatte in cotone\"}]},{\"@type\":\"WebSite\",\"@id\":\"https:\\\/\\\/kangra.it\\\/en\\\/#website\",\"url\":\"https:\\\/\\\/kangra.it\\\/en\\\/\",\"name\":\"Kangra\",\"description\":\"Maglieria In Filati Pregiati\",\"publisher\":{\"@id\":\"https:\\\/\\\/kangra.it\\\/en\\\/#organization\"},\"potentialAction\":[{\"@type\":\"SearchAction\",\"target\":{\"@type\":\"EntryPoint\",\"urlTemplate\":\"https:\\\/\\\/kangra.it\\\/en\\\/?s={search_term_string}\"},\"query-input\":{\"@type\":\"PropertyValueSpecification\",\"valueRequired\":true,\"valueName\":\"search_term_string\"}}],\"inLanguage\":\"en-US\"},{\"@type\":\"Organization\",\"@id\":\"https:\\\/\\\/kangra.it\\\/en\\\/#organization\",\"name\":\"Kangra\",\"url\":\"https:\\\/\\\/kangra.it\\\/en\\\/\",\"logo\":{\"@type\":\"ImageObject\",\"inLanguage\":\"en-US\",\"@id\":\"https:\\\/\\\/kangra.it\\\/en\\\/#\\\/schema\\\/logo\\\/image\\\/\",\"url\":\"https:\\\/\\\/kangra.it\\\/wp-content\\\/uploads\\\/2024\\\/01\\\/logo-kangra-20.png\",\"contentUrl\":\"https:\\\/\\\/kangra.it\\\/wp-content\\\/uploads\\\/2024\\\/01\\\/logo-kangra-20.png\",\"width\":800,\"height\":156,\"caption\":\"Kangra\"},\"image\":{\"@id\":\"https:\\\/\\\/kangra.it\\\/en\\\/#\\\/schema\\\/logo\\\/image\\\/\"},\"sameAs\":[\"https:\\\/\\\/www.facebook.com\\\/KangraCashmere\\\/\",\"https:\\\/\\\/www.instagram.com\\\/kangra_official\\\/\"]}]}<\/script>\n<!-- \/ Yoast SEO plugin. -->","yoast_head_json":{"title":"Maglia girocollo manica corta coste piatte in cotone - Kangra - Premium Yarns Knitwear","description":"Scopri Maglia girocollo manica corta coste piatte in cotone di Kangra - Premium Yarns Knitwear, maglieria in cashmere e filati pregiati Made in Italy.","robots":{"index":"index","follow":"follow","max-snippet":"max-snippet:-1","max-image-preview":"max-image-preview:large","max-video-preview":"max-video-preview:-1"},"canonical":"https:\/\/kangra.it\/en\/product\/maglia-girocollo-manica-corta-con-coste-piattte-sul-davanti\/","og_locale":"en_US","og_type":"article","og_title":"Maglia girocollo manica corta coste piatte in cotone - Kangra - Premium Yarns Knitwear","og_description":"Scopri Maglia girocollo manica corta coste piatte in cotone di Kangra - Premium Yarns Knitwear, maglieria in cashmere e filati pregiati Made in Italy.","og_url":"https:\/\/kangra.it\/en\/product\/maglia-girocollo-manica-corta-con-coste-piattte-sul-davanti\/","og_site_name":"Kangra - Premium Yarns Knitwear","article_publisher":"https:\/\/www.facebook.com\/KangraCashmere\/","article_modified_time":"2026-05-17T06:21:07+00:00","og_image":[{"width":1600,"height":2399,"url":"https:\/\/kangra.it\/wp-content\/uploads\/2026\/02\/S6K301621.webp","type":"image\/webp"}],"twitter_card":"summary_large_image","twitter_misc":{"Est. reading time":"1 minute"},"schema":{"@context":"https:\/\/schema.org","@graph":[{"@type":"WebPage","@id":"https:\/\/kangra.it\/en\/product\/maglia-girocollo-manica-corta-con-coste-piattte-sul-davanti\/","url":"https:\/\/kangra.it\/en\/product\/maglia-girocollo-manica-corta-con-coste-piattte-sul-davanti\/","name":"Maglia girocollo manica corta coste piatte in cotone - Kangra - Premium Yarns Knitwear","isPartOf":{"@id":"https:\/\/kangra.it\/en\/#website"},"primaryImageOfPage":{"@id":"https:\/\/kangra.it\/en\/product\/maglia-girocollo-manica-corta-con-coste-piattte-sul-davanti\/#primaryimage"},"image":{"@id":"https:\/\/kangra.it\/en\/product\/maglia-girocollo-manica-corta-con-coste-piattte-sul-davanti\/#primaryimage"},"thumbnailUrl":"https:\/\/kangra.it\/wp-content\/uploads\/2026\/02\/S6K301621.webp","datePublished":"2026-02-10T17:49:45+00:00","dateModified":"2026-05-17T06:21:07+00:00","description":"Scopri Maglia girocollo manica corta coste piatte in cotone di Kangra - Premium Yarns Knitwear, maglieria in cashmere e filati pregiati Made in Italy.","breadcrumb":{"@id":"https:\/\/kangra.it\/en\/product\/maglia-girocollo-manica-corta-con-coste-piattte-sul-davanti\/#breadcrumb"},"inLanguage":"en-US","potentialAction":[{"@type":"ReadAction","target":["https:\/\/kangra.it\/en\/product\/maglia-girocollo-manica-corta-con-coste-piattte-sul-davanti\/"]}]},{"@type":"ImageObject","inLanguage":"en-US","@id":"https:\/\/kangra.it\/en\/product\/maglia-girocollo-manica-corta-con-coste-piattte-sul-davanti\/#primaryimage","url":"https:\/\/kangra.it\/wp-content\/uploads\/2026\/02\/S6K301621.webp","contentUrl":"https:\/\/kangra.it\/wp-content\/uploads\/2026\/02\/S6K301621.webp","width":1600,"height":2399},{"@type":"BreadcrumbList","@id":"https:\/\/kangra.it\/en\/product\/maglia-girocollo-manica-corta-con-coste-piattte-sul-davanti\/#breadcrumb","itemListElement":[{"@type":"ListItem","position":1,"name":"Home","item":"https:\/\/kangra.it\/en\/"},{"@type":"ListItem","position":2,"name":"Shop","item":"https:\/\/kangra.it\/en\/shop\/"},{"@type":"ListItem","position":3,"name":"Maglia girocollo manica corta coste piatte in cotone"}]},{"@type":"WebSite","@id":"https:\/\/kangra.it\/en\/#website","url":"https:\/\/kangra.it\/en\/","name":"Kangra","description":"Maglieria In Filati Pregiati","publisher":{"@id":"https:\/\/kangra.it\/en\/#organization"},"potentialAction":[{"@type":"SearchAction","target":{"@type":"EntryPoint","urlTemplate":"https:\/\/kangra.it\/en\/?s={search_term_string}"},"query-input":{"@type":"PropertyValueSpecification","valueRequired":true,"valueName":"search_term_string"}}],"inLanguage":"en-US"},{"@type":"Organization","@id":"https:\/\/kangra.it\/en\/#organization","name":"Kangra","url":"https:\/\/kangra.it\/en\/","logo":{"@type":"ImageObject","inLanguage":"en-US","@id":"https:\/\/kangra.it\/en\/#\/schema\/logo\/image\/","url":"https:\/\/kangra.it\/wp-content\/uploads\/2024\/01\/logo-kangra-20.png","contentUrl":"https:\/\/kangra.it\/wp-content\/uploads\/2024\/01\/logo-kangra-20.png","width":800,"height":156,"caption":"Kangra"},"image":{"@id":"https:\/\/kangra.it\/en\/#\/schema\/logo\/image\/"},"sameAs":["https:\/\/www.facebook.com\/KangraCashmere\/","https:\/\/www.instagram.com\/kangra_official\/"]}]}},"_links":{"self":[{"href":"https:\/\/kangra.it\/en\/wp-json\/wp\/v2\/product\/124361","targetHints":{"allow":["GET"]}}],"collection":[{"href":"https:\/\/kangra.it\/en\/wp-json\/wp\/v2\/product"}],"about":[{"href":"https:\/\/kangra.it\/en\/wp-json\/wp\/v2\/types\/product"}],"wp:featuredmedia":[{"embeddable":true,"href":"https:\/\/kangra.it\/en\/wp-json\/wp\/v2\/media\/129261"}],"wp:attachment":[{"href":"https:\/\/kangra.it\/en\/wp-json\/wp\/v2\/media?parent=124361"}],"wp:term":[{"taxonomy":"pickuplocations","embeddable":true,"href":"https:\/\/kangra.it\/en\/wp-json\/wp\/v2\/pickuplocations?post=124361"},{"taxonomy":"product_brand","embeddable":true,"href":"https:\/\/kangra.it\/en\/wp-json\/wp\/v2\/product_brand?post=124361"},{"taxonomy":"product_cat","embeddable":true,"href":"https:\/\/kangra.it\/en\/wp-json\/wp\/v2\/product_cat?post=124361"},{"taxonomy":"product_tag","embeddable":true,"href":"https:\/\/kangra.it\/en\/wp-json\/wp\/v2\/product_tag?post=124361"}],"curies":[{"name":"wp","href":"https:\/\/api.w.org\/{rel}","templated":true}]}}